{"id":346,"date":"2014-08-26T23:32:02","date_gmt":"2014-08-26T20:32:02","guid":{"rendered":"http:\/\/hrsk-ystavat.com\/wp\/?page_id=346"},"modified":"2023-10-31T09:32:11","modified_gmt":"2023-10-31T07:32:11","slug":"calendrier","status":"publish","type":"page","link":"https:\/\/hrsk-ystavat.com\/wp\/?page_id=346&lang=fr","title":{"rendered":"Calendrier"},"content":{"rendered":"<h2>\u00a0<\/h2>\n<h2>\u00a0<\/h2>\n<h2><span style=\"color: #ff0000;\">\u00c9v\u00e9nements des Amis et de l&#8217;\u00e9cole 2023-2024:<\/span><\/h2>\n<hr \/>\n<p>Septembre \u00a0 \u00a0\u00a0<strong>28.9. \u00e0 18h00 <\/strong>\u00a0 \u00a0 \u00a0 \u00a0 \u00a0\u00a0 Soir\u00e9e des parents de liaison\u00a0\u00a0 <a href=\"http:\/\/hrsk-ystavat.com\/wp\/wp-content\/uploads\/2012\/09\/kukko3.gif\"><img decoding=\"async\" loading=\"lazy\" class=\"alignnone wp-image-22 size-full\" title=\"Logo\" src=\"http:\/\/hrsk-ystavat.com\/wp\/wp-content\/uploads\/2012\/09\/kukko3.gif\" alt=\"\" width=\"17\" height=\"12\" \/><\/a><\/p>\n<hr \/>\n<p>Octobre\u00a0 \u00a0 \u00a0\u00a0\u00a0\u00a0 16.-20.10. (semaine 42)\u00a0 \u00a0 \u00a0 \u00a0 \u00a0 \u00a0Vacances d&#8217;automne<\/p>\n<hr \/>\n<p>Novembre\u00a0\u00a0\u00a0\u00a0 <strong>26.11 de 12h \u00e0 15h<\/strong>\u00a0 \u00a0\u00a0\u00a0\u00a0\u00a0\u00a0\u00a0\u00a0\u00a0\u00a0\u00a0\u00a0\u00a0\u00a0 March\u00e9 de No\u00ebl\u00a0 \u00a0 <a href=\"http:\/\/hrsk-ystavat.com\/wp\/wp-content\/uploads\/2012\/09\/kukko3.gif\"><img decoding=\"async\" loading=\"lazy\" class=\"alignnone wp-image-22 size-full\" title=\"Logo\" src=\"http:\/\/hrsk-ystavat.com\/wp\/wp-content\/uploads\/2012\/09\/kukko3.gif\" alt=\"\" width=\"17\" height=\"12\" \/><\/a><\/p>\n<hr \/>\n<p>D\u00e9cembre\u00a0 <strong>12.12 \u00e0 18h00<\/strong> \u00a0\u00a0\u00a0\u00a0\u00a0\u00a0\u00a0\u00a0\u00a0\u00a0\u00a0\u00a0\u00a0\u00a0\u00a0\u00a0 \u00a0 \u00a0 \u00a0 \u00a0 Concert de No\u00ebl\u00a0 <del><\/del><a href=\"http:\/\/hrsk-ystavat.com\/wp\/wp-content\/uploads\/2012\/09\/kukko3.gif\"><img decoding=\"async\" loading=\"lazy\" class=\"alignnone wp-image-22 size-full\" title=\"Logo\" src=\"http:\/\/hrsk-ystavat.com\/wp\/wp-content\/uploads\/2012\/09\/kukko3.gif\" alt=\"\" width=\"17\" height=\"12\" \/><\/a><\/p>\n<hr \/>\n<p>D\u00e9c \/ Jan\u00a0 \u00a022.12.2023 &#8211; 7.1.2024\u00a0 \u00a0 \u00a0 \u00a0 \u00a0 \u00a0 \u00a0\u00a0 Vacances de No\u00ebl<\/p>\n<hr \/>\n<p>F\u00e9vrier\u00a0 \u00a0 19.-23.2.2024\u00a0 \u00a0 \u00a0 \u00a0 \u00a0 \u00a0 \u00a0 \u00a0 \u00a0 \u00a0 \u00a0 \u00a0 \u00a0 \u00a0 \u00a0 \u00a0 Vacances de ski<\/p>\n<hr \/>\n<p>Mars\u00a0 \u00a0 \u00a0\u00a0 <strong>9<\/strong><strong>.3.2024 \u00e0 18h30<\/strong>\u00a0 \u00a0 \u00a0 \u00a0 \u00a0 \u00a0 \u00a0 \u00a0 \u00a0 \u00a0 \u00a0 \u00a0 \u00a0\u00a0\u00a0 Gala\u00a0 <a href=\"http:\/\/hrsk-ystavat.com\/wp\/wp-content\/uploads\/2012\/09\/kukko3.gif\"><img decoding=\"async\" loading=\"lazy\" class=\"alignnone wp-image-22 size-full\" title=\"Logo\" src=\"http:\/\/hrsk-ystavat.com\/wp\/wp-content\/uploads\/2012\/09\/kukko3.gif\" alt=\"\" width=\"17\" height=\"12\" \/><\/a><\/p>\n<hr \/>\n<p>V\u00e9rifiez, s.v.p., les changements \u00e9ventuels du site de l&#8217;\u00e9cole: <a href=\"http:\/\/www.hrsk.fi\" target=\"_blank\" rel=\"noopener noreferrer\">hrsk.fi<\/a><\/p>\n\n","protected":false},"excerpt":{"rendered":"<p>\u00a0 \u00a0 \u00c9v\u00e9nements des Amis et de l&#8217;\u00e9cole 2023-2024: Septembre \u00a0 \u00a0\u00a028.9. \u00e0 18h00 \u00a0 \u00a0 \u00a0 \u00a0 \u00a0\u00a0 Soir\u00e9e des parents de liaison\u00a0\u00a0 Octobre\u00a0 \u00a0 \u00a0\u00a0\u00a0\u00a0 16.-20.10. (semaine 42)\u00a0 \u00a0 \u00a0 \u00a0 \u00a0 \u00a0Vacances d&#8217;automne Novembre\u00a0\u00a0\u00a0\u00a0 26.11 de 12h &hellip; <a href=\"https:\/\/hrsk-ystavat.com\/wp\/?page_id=346&#038;lang=fr\">Lue loppuun <span class=\"meta-nav\">&rarr;<\/span><\/a><\/p>\n","protected":false},"author":15,"featured_media":0,"parent":0,"menu_order":2,"comment_status":"closed","ping_status":"closed","template":"","meta":[],"_links":{"self":[{"href":"https:\/\/hrsk-ystavat.com\/wp\/index.php?rest_route=\/wp\/v2\/pages\/346"}],"collection":[{"href":"https:\/\/hrsk-ystavat.com\/wp\/index.php?rest_route=\/wp\/v2\/pages"}],"about":[{"href":"https:\/\/hrsk-ystavat.com\/wp\/index.php?rest_route=\/wp\/v2\/types\/page"}],"author":[{"embeddable":true,"href":"https:\/\/hrsk-ystavat.com\/wp\/index.php?rest_route=\/wp\/v2\/users\/15"}],"replies":[{"embeddable":true,"href":"https:\/\/hrsk-ystavat.com\/wp\/index.php?rest_route=%2Fwp%2Fv2%2Fcomments&post=346"}],"version-history":[{"count":25,"href":"https:\/\/hrsk-ystavat.com\/wp\/index.php?rest_route=\/wp\/v2\/pages\/346\/revisions"}],"predecessor-version":[{"id":551250,"href":"https:\/\/hrsk-ystavat.com\/wp\/index.php?rest_route=\/wp\/v2\/pages\/346\/revisions\/551250"}],"wp:attachment":[{"href":"https:\/\/hrsk-ystavat.com\/wp\/index.php?rest_route=%2Fwp%2Fv2%2Fmedia&parent=346"}],"curies":[{"name":"wp","href":"https:\/\/api.w.org\/{rel}","templated":true}]}}