{"id":341,"date":"2014-08-26T23:24:56","date_gmt":"2014-08-26T20:24:56","guid":{"rendered":"http:\/\/hrsk-ystavat.com\/wp\/?page_id=341"},"modified":"2018-05-13T22:33:27","modified_gmt":"2018-05-13T19:33:27","slug":"general","status":"publish","type":"page","link":"https:\/\/hrsk-ystavat.com\/wp\/?page_id=341&lang=fr","title":{"rendered":"G\u00e9n\u00e9ral"},"content":{"rendered":"<p>Les Amis de l&#8217;\u00c9cole francaise ont \u00e9t\u00e9 fond\u00e9s en 1949. Le but \u00e9tait de g\u00e9rer le jardin d&#8217;enfants fran\u00e7ais priv\u00e9. Le travail pour le jardin d&#8217;enfants continue encore maintenant, mais s&#8217;est \u00e9largi depuis sa cr\u00e9ation. Le but de l&#8217;association est de renforcer les liens entre l&#8217;\u00e9cole et les familles et de soutenir financi\u00e8rement les projets de l&#8217;\u00e9cole. Une partie importante des fonds que l&#8217;association r\u00e9colte est distribu\u00e9e de la fa\u00e7on suivante :<\/p>\n<ul>\n<li>Gestion du jardin d&#8217;enfants<\/li>\n<li>Les aides financi\u00e8res aux voyages en France des classes 4 et 8<\/li>\n<li>Les bourses pour les \u00e9l\u00e8ves et les professeurs<\/li>\n<li>Les casquettes blanches des bacheliers aupr\u00e8s de l&#8217;entreprise Wahlman<\/li>\n<li>Diff\u00e9rentes acquisitions pour l&#8217;\u00e9cole<\/li>\n<\/ul>\n<p>Les fonds de l&#8217;association proviennent des cotisations, des dons et de diff\u00e9rentes manifestations organis\u00e9es. La cotisation est de 30 \u20ac. Vous pouvez devenir membre en remplissant le formulaire. Nous envoyons les factures en automne, ne vous inqui\u00e9tez donc pas si vous ne recevez aucun courrier \u00e0 ce sujet imm\u00e9diatement apr\u00e8s votre inscription.<\/p>\n<p>Responsabilit\u00e9s des classes:<\/p>\n<ul>\n<li>Gala de l&#8217;\u00e9cole : les parents des classes 2 et 6<\/li>\n<li>Le march\u00e9 de No\u00ebl : les parents des classes 3 et 7 (sp\u00e9cialement les jours pr\u00e9c\u00e9dant le march\u00e9)<\/li>\n<\/ul>\n<h1>Registre de protection des donn\u00e9es<\/h1>\n<p>L\u2019Association des Amis de l\u2019\u00c9cole Fran\u00e7aise sauvegarde et maintient les donn\u00e9es des membres suivantes <a href=\"http:\/\/hrsk-ystavat.com\/wp\/wp-content\/uploads\/2018\/05\/HRSKY-rekisteriseloste.pdf\">(Finnois).<\/a><br \/>\nL\u2019Association utilise ce registre uniquement pour communiquer avec ses membres et ne divulgue les informations \u00e0 des tiers.<\/p>\n","protected":false},"excerpt":{"rendered":"<p>Les Amis de l&#8217;\u00c9cole francaise ont \u00e9t\u00e9 fond\u00e9s en 1949. Le but \u00e9tait de g\u00e9rer le jardin d&#8217;enfants fran\u00e7ais priv\u00e9. Le travail pour le jardin d&#8217;enfants continue encore maintenant, mais s&#8217;est \u00e9largi depuis sa cr\u00e9ation. Le but de l&#8217;association est &hellip; <a href=\"https:\/\/hrsk-ystavat.com\/wp\/?page_id=341&#038;lang=fr\">Lue loppuun <span class=\"meta-nav\">&rarr;<\/span><\/a><\/p>\n","protected":false},"author":15,"featured_media":0,"parent":0,"menu_order":0,"comment_status":"closed","ping_status":"closed","template":"sidebar-page.php","meta":[],"_links":{"self":[{"href":"https:\/\/hrsk-ystavat.com\/wp\/index.php?rest_route=\/wp\/v2\/pages\/341"}],"collection":[{"href":"https:\/\/hrsk-ystavat.com\/wp\/index.php?rest_route=\/wp\/v2\/pages"}],"about":[{"href":"https:\/\/hrsk-ystavat.com\/wp\/index.php?rest_route=\/wp\/v2\/types\/page"}],"author":[{"embeddable":true,"href":"https:\/\/hrsk-ystavat.com\/wp\/index.php?rest_route=\/wp\/v2\/users\/15"}],"replies":[{"embeddable":true,"href":"https:\/\/hrsk-ystavat.com\/wp\/index.php?rest_route=%2Fwp%2Fv2%2Fcomments&post=341"}],"version-history":[{"count":11,"href":"https:\/\/hrsk-ystavat.com\/wp\/index.php?rest_route=\/wp\/v2\/pages\/341\/revisions"}],"predecessor-version":[{"id":243852,"href":"https:\/\/hrsk-ystavat.com\/wp\/index.php?rest_route=\/wp\/v2\/pages\/341\/revisions\/243852"}],"wp:attachment":[{"href":"https:\/\/hrsk-ystavat.com\/wp\/index.php?rest_route=%2Fwp%2Fv2%2Fmedia&parent=341"}],"curies":[{"name":"wp","href":"https:\/\/api.w.org\/{rel}","templated":true}]}}