{"id":2339,"date":"2014-10-07T21:48:12","date_gmt":"2014-10-07T18:48:12","guid":{"rendered":"http:\/\/hrsk-ystavat.com\/wp\/?page_id=2339"},"modified":"2026-03-14T19:59:34","modified_gmt":"2026-03-14T17:59:34","slug":"bienvenue","status":"publish","type":"page","link":"https:\/\/hrsk-ystavat.com\/wp\/?page_id=2339&lang=fr","title":{"rendered":"Soir\u00e9e fran\u00e7aise le 18 avril 2026"},"content":{"rendered":"\n<p>La soir\u00e9e festive des parents et des amis est de retour dans notre programme annuel &#8211; soyez chaleureusement bienvenus \u00e0 la soir\u00e9e fran\u00e7aise au LFF le samedi 18 avril 2026!\u00a0<\/p>\n<p><strong>Le billet d&#8217;entr\u00e9e de 50\u20ac<\/strong>\u00a0inclut un d\u00eener et un programme musical &#8216;live&#8217;, sans oublier la danse.\u00a0<\/p>\n<p>Rejoignez-nous avec vos amis, les parents de votre classe ou vos copains alumnis et\u00a0<strong>venez passer une belle soir\u00e9e afin de soutenir l&#8217;\u00e9cole et ses \u00e9l\u00e8ves &#8211; r\u00e9server vos places, qui sont en nombre limit\u00e9, via ce lien:<\/strong><strong><a href=\"https:\/\/forms.gle\/pQH2ZDo8VFi9FbHh8\">\u00a0https:\/\/forms.gle\/pQH2ZDo8VFi9FbHh8<\/a><\/strong><\/p>\n<p>Avec nos salutations festives,<\/p>\n<p>L&#8217;Association des Amis de l&#8217;\u00c9cole Fran\u00e7aise<\/p>\n<p><a href=\"http:\/\/hrsk-ystavat.com\/wp\/wp-content\/uploads\/2026\/03\/Ranskalainen_ilta_18.4.2026_kuvamuoto-1.jpg\"><img decoding=\"async\" loading=\"lazy\" class=\"alignnone size-medium wp-image-554091\" src=\"http:\/\/hrsk-ystavat.com\/wp\/wp-content\/uploads\/2026\/03\/Ranskalainen_ilta_18.4.2026_kuvamuoto-1-362x512.jpg\" alt=\"\" width=\"362\" height=\"512\" srcset=\"https:\/\/hrsk-ystavat.com\/wp\/wp-content\/uploads\/2026\/03\/Ranskalainen_ilta_18.4.2026_kuvamuoto-1-362x512.jpg 362w, https:\/\/hrsk-ystavat.com\/wp\/wp-content\/uploads\/2026\/03\/Ranskalainen_ilta_18.4.2026_kuvamuoto-1-768x1086.jpg 768w, https:\/\/hrsk-ystavat.com\/wp\/wp-content\/uploads\/2026\/03\/Ranskalainen_ilta_18.4.2026_kuvamuoto-1-1086x1536.jpg 1086w, https:\/\/hrsk-ystavat.com\/wp\/wp-content\/uploads\/2026\/03\/Ranskalainen_ilta_18.4.2026_kuvamuoto-1-212x300.jpg 212w, https:\/\/hrsk-ystavat.com\/wp\/wp-content\/uploads\/2026\/03\/Ranskalainen_ilta_18.4.2026_kuvamuoto-1.jpg 1414w\" sizes=\"(max-width: 362px) 100vw, 362px\" \/><\/a><\/p>\n\n\n\n<hr \/>\n<h1 class=\"wp-block wp-block-post-title block-editor-block-list__block editor-post-title editor-post-title__input rich-text is-selected\" role=\"textbox\" contenteditable=\"true\" aria-label=\"Add title\" aria-multiline=\"true\">Les inscriptions au jardin d&#8217;enfants sont en cours!<\/h1>\n\n\n\n<p>Les inscriptions pour l&#8217;ann\u00e9e scolaire 2025-2026 sont en cours jusqu&#8217;au 31 janvier pour les enfants n\u00e9s en 2020. Vous trouverez le formulaire d&#8217;inscription ainsi que les informations suppl\u00e9mentaires en cliquant sur le lien &#8216;Jardin d&#8217;enfants&#8217; situ\u00e9 ici \u00e0 droite!<\/p>\n\n\n\n<p><span style=\"color: #ff0000;\"><strong><a style=\"color: #ff0000;\" href=\"http:\/\/hrsk-ystavat.com\/wp\/wp-content\/uploads\/2025\/01\/Brochure-JDE-pour-FB-1.jpg\"><img decoding=\"async\" loading=\"lazy\" class=\"alignnone size-medium wp-image-554012\" src=\"http:\/\/hrsk-ystavat.com\/wp\/wp-content\/uploads\/2025\/01\/Brochure-JDE-pour-FB-1-512x406.jpg\" alt=\"\" width=\"512\" height=\"406\" srcset=\"https:\/\/hrsk-ystavat.com\/wp\/wp-content\/uploads\/2025\/01\/Brochure-JDE-pour-FB-1-512x406.jpg 512w, https:\/\/hrsk-ystavat.com\/wp\/wp-content\/uploads\/2025\/01\/Brochure-JDE-pour-FB-1-768x609.jpg 768w, https:\/\/hrsk-ystavat.com\/wp\/wp-content\/uploads\/2025\/01\/Brochure-JDE-pour-FB-1-378x300.jpg 378w, https:\/\/hrsk-ystavat.com\/wp\/wp-content\/uploads\/2025\/01\/Brochure-JDE-pour-FB-1.jpg 1080w\" sizes=\"(max-width: 512px) 100vw, 512px\" \/><\/a><\/strong><\/span><\/p>\n<p><span style=\"color: #ff0000;\">Bienvenue au March\u00e9 de No\u00ebl le 1er d\u00e9cembre de 12h \u00e0 15h!<\/span><\/p>\n<p><a href=\"http:\/\/hrsk-ystavat.com\/wp\/wp-content\/uploads\/2024\/10\/Joulumarkkinajuliste_2024-3.jpg\"><img decoding=\"async\" loading=\"lazy\" class=\"alignnone size-medium wp-image-553957\" src=\"http:\/\/hrsk-ystavat.com\/wp\/wp-content\/uploads\/2024\/10\/Joulumarkkinajuliste_2024-3-362x512.jpg\" alt=\"\" width=\"362\" height=\"512\" srcset=\"https:\/\/hrsk-ystavat.com\/wp\/wp-content\/uploads\/2024\/10\/Joulumarkkinajuliste_2024-3-362x512.jpg 362w, https:\/\/hrsk-ystavat.com\/wp\/wp-content\/uploads\/2024\/10\/Joulumarkkinajuliste_2024-3-768x1086.jpg 768w, https:\/\/hrsk-ystavat.com\/wp\/wp-content\/uploads\/2024\/10\/Joulumarkkinajuliste_2024-3-1086x1536.jpg 1086w, https:\/\/hrsk-ystavat.com\/wp\/wp-content\/uploads\/2024\/10\/Joulumarkkinajuliste_2024-3-1448x2048.jpg 1448w, https:\/\/hrsk-ystavat.com\/wp\/wp-content\/uploads\/2024\/10\/Joulumarkkinajuliste_2024-3-212x300.jpg 212w, https:\/\/hrsk-ystavat.com\/wp\/wp-content\/uploads\/2024\/10\/Joulumarkkinajuliste_2024-3.jpg 1587w\" sizes=\"(max-width: 362px) 100vw, 362px\" \/><\/a><\/p>\n\n\n\n<p><strong><span style=\"color: #ff0000;\">MERCI ET BONNES F\u00caTES!<\/span><\/strong><\/p>\n<p><span style=\"color: #003366;\">Un grand merci \u00e0 toutes les personnes ayant visit\u00e9 notre March\u00e9 de No\u00ebl&nbsp;! Nos remerciements les plus chaleureux partent aussi \u00e0 destination de tous les b\u00e9n\u00e9voles qui ont beaucoup travaill\u00e9 pour la r\u00e9ussite de l\u2019\u00e9v\u00e8nement. Nous applaudissons \u00e9galement toutes les personnes qui ont particip\u00e9&nbsp;\u00e0 notre concert de No\u00ebl malgr\u00e9 les conditions de m\u00e9t\u00e9o, neige et vent d\u2019hiver&nbsp;!<\/span><\/p>\n<p><em><b><span style=\"color: red;\">Nous disons maintenant merci \u00e0 toutes les familles, nos membres et toute la communaut\u00e9 du LFF pour ce semestre d\u2019automne et vous souhaitons \u00e0 tous une tr\u00e8s belle saison de f\u00eates !<\/span><\/b><\/em><\/p>\n<p><img decoding=\"async\" loading=\"lazy\" class=\"alignnone size-medium wp-image-511644\" src=\"http:\/\/hrsk-ystavat.com\/wp\/wp-content\/uploads\/2022\/12\/Couronnes_1-3-509x512.jpg\" alt=\"\" width=\"509\" height=\"512\" srcset=\"https:\/\/hrsk-ystavat.com\/wp\/wp-content\/uploads\/2022\/12\/Couronnes_1-3-509x512.jpg 509w, https:\/\/hrsk-ystavat.com\/wp\/wp-content\/uploads\/2022\/12\/Couronnes_1-3-150x150.jpg 150w, https:\/\/hrsk-ystavat.com\/wp\/wp-content\/uploads\/2022\/12\/Couronnes_1-3-768x773.jpg 768w, https:\/\/hrsk-ystavat.com\/wp\/wp-content\/uploads\/2022\/12\/Couronnes_1-3-298x300.jpg 298w, https:\/\/hrsk-ystavat.com\/wp\/wp-content\/uploads\/2022\/12\/Couronnes_1-3.jpg 1047w\" sizes=\"(max-width: 509px) 100vw, 509px\" \/><\/p>\n<p><span style=\"color: #999999;\">Cr\u00e9dit photo: @maitressejoelle<\/span><\/p>\n\n\n\n<p><span style=\"text-decoration: underline;\"><span style=\"color: #ff0000;\"><strong>MARCH\u00c9 DE NO\u00cbL LE DIMANCHE 27.11.2022!<\/strong> <\/span><\/span><\/p>\n<p><img decoding=\"async\" loading=\"lazy\" class=\"alignnone size-medium wp-image-505449\" src=\"http:\/\/hrsk-ystavat.com\/wp\/wp-content\/uploads\/2022\/11\/jm2022-fr-362x512.png\" alt=\"\" width=\"362\" height=\"512\" srcset=\"https:\/\/hrsk-ystavat.com\/wp\/wp-content\/uploads\/2022\/11\/jm2022-fr-362x512.png 362w, https:\/\/hrsk-ystavat.com\/wp\/wp-content\/uploads\/2022\/11\/jm2022-fr-768x1086.png 768w, https:\/\/hrsk-ystavat.com\/wp\/wp-content\/uploads\/2022\/11\/jm2022-fr-1086x1536.png 1086w, https:\/\/hrsk-ystavat.com\/wp\/wp-content\/uploads\/2022\/11\/jm2022-fr-212x300.png 212w, https:\/\/hrsk-ystavat.com\/wp\/wp-content\/uploads\/2022\/11\/jm2022-fr.png 1240w\" sizes=\"(max-width: 362px) 100vw, 362px\" \/><\/p>\n<p><span style=\"text-decoration: underline;\"><strong>CONCERT DE PRINTEMPS LE MERCREDI 1.6.2022!<\/strong><\/span><\/p>\n<p>Le concert de No\u00ebl&nbsp; traditionnel a \u00e9t\u00e9 repouss\u00e9 \u00e0 cause de la situation sanitaire de d\u00e9cembre 2021. Nous avons maintenant le plaisir de vous annoncer que le concert aura lieu le mercredi 1<sup>er<\/sup>&nbsp;juin 2022 avec un programme estival.<\/p>\n<p>Le concert de printemps aura lieu au r\u00e9fectoire du lyc\u00e9e franco-finlandais d\u2019Helsinki, Raumantie 4, 00350 Helsinki, le mercredi 1<sup>er<\/sup>&nbsp;juin 2022. \u00c9tant donn\u00e9 &nbsp;le nombre de places limit\u00e9 dans la salle, il y aura dans la soir\u00e9e deux repr\u00e9sentations successives. Le premier concert commencera \u00e0 17h00 et le deuxi\u00e8me \u00e0 18h30. Entre les concerts vous pourrez profiter d\u2019un buffet dans la cour de l\u2019\u00e9cole.<\/p>\n<p><strong>Les parents des \u00e9l\u00e8ves du jardin d\u2019enfants, des classes pr\u00e9scolaires et des classes 1 qui ont achet\u00e9 des billets pour le concert de No\u00ebl sont les bienvenus au premier concert qui commence \u00e0 17h00.<\/strong><\/p>\n<p><strong>Les parents des classes 2 \u00e0 la classe 9 sont invit\u00e9s au deuxi\u00e8me concert qui commence \u00e0 18h30.<\/strong><\/p>\n<p>Au programme, il y aura des chansons pr\u00e9sent\u00e9es par les plus petits aux plus grands et des morceaux de la com\u00e9die musicale de cette ann\u00e9e. Les deux concerts auront une programmation identique. Vous pouvez solliciter l\u2019enseignant(e) responsable pour savoir si votre enfant fera partie du concert. Il est d\u2019ores et d\u00e9j\u00e0 certain que les enfants du jardin d\u2019enfants et des classes pr\u00e9scolaires feront partie des artistes.<\/p>\n<p>Si la nouvelle date du concert ne vous convient pas, vous pouvez proposer votre billet \u00e0 quelqu\u2019un d\u2019autre en faisant toutefois attention \u00e0 l\u2019heure du concert (jardin d\u2019enfants-cl. 1 =&gt; 1<sup>er<\/sup>&nbsp;concert \/ cl 2-9 =&gt; 2<sup>\u00e8me<\/sup>&nbsp;concert). Nous n\u2019avons malheureusement pas la possibilit\u00e9 de rembourser les billets non-utilis\u00e9s, mais tout le b\u00e9n\u00e9fice du concert est dirig\u00e9 pour le soutien des \u00e9l\u00e8ves du LFF.<\/p>\n<p>Bien cordialement,<\/p>\n<p>L\u2019Association des Amis de l\u2019\u00c9cole Fran\u00e7aise<\/p>\n<p><img decoding=\"async\" loading=\"lazy\" class=\" wp-image-482378 alignleft\" src=\"http:\/\/hrsk-ystavat.com\/wp\/wp-content\/uploads\/2022\/05\/Kevat2021_B_1-1-512x410.jpg\" alt=\"\" width=\"344\" height=\"277\"\/><\/p>\n\n\n\n<p>&nbsp;<\/p>\n<p>&nbsp;<\/p>\n<p>&nbsp;<\/p>\n<p>&nbsp;<\/p>\n<p>&nbsp;<\/p>\n<p>&nbsp;<\/p>\n<p>&nbsp;<\/p>\n<p>&nbsp;<\/p>\n<p><span style=\"text-decoration: underline;\">SOIR\u00c9ES DE PR\u00c9PARATION!<\/span><\/p>\n<p>Le march\u00e9 de No\u00ebl revient- bienvenue aux soir\u00e9es de pr\u00e9paration! Vous trouverez le planning des soir\u00e9es dans le tableau ci-dessous:<\/p>\n<p><img decoding=\"async\" loading=\"lazy\" class=\"alignleft wp-image-456902 size-medium\" src=\"http:\/\/hrsk-ystavat.com\/wp\/wp-content\/uploads\/2021\/10\/Joulumarkkinainfo-2021FR-1-362x512.jpg\" alt=\"\" width=\"362\" height=\"512\" srcset=\"https:\/\/hrsk-ystavat.com\/wp\/wp-content\/uploads\/2021\/10\/Joulumarkkinainfo-2021FR-1-362x512.jpg 362w, https:\/\/hrsk-ystavat.com\/wp\/wp-content\/uploads\/2021\/10\/Joulumarkkinainfo-2021FR-1-768x1086.jpg 768w, https:\/\/hrsk-ystavat.com\/wp\/wp-content\/uploads\/2021\/10\/Joulumarkkinainfo-2021FR-1-1086x1536.jpg 1086w, https:\/\/hrsk-ystavat.com\/wp\/wp-content\/uploads\/2021\/10\/Joulumarkkinainfo-2021FR-1-1449x2048.jpg 1449w, https:\/\/hrsk-ystavat.com\/wp\/wp-content\/uploads\/2021\/10\/Joulumarkkinainfo-2021FR-1-212x300.jpg 212w, https:\/\/hrsk-ystavat.com\/wp\/wp-content\/uploads\/2021\/10\/Joulumarkkinainfo-2021FR-1.jpg 1646w\" sizes=\"(max-width: 362px) 100vw, 362px\" \/><\/p>\n<p>&nbsp;<\/p>\n\n\n<p>\u00a0<\/p>\n<h1>\u00a0<\/h1>\n<h1>Important!<\/h1>\n<p>En mai 2018 entrera en vigueur le R\u00e8glement (UE) 2016\/679 relatif \u00e0 la protection des personnes physiques \u00e0 l&#8217;\u00e9gard du traitement des donn\u00e9es \u00e0 caract\u00e8re personnel et \u00e0 la libre circulation de ces donn\u00e9es. Ce r\u00e8glement nous impose des conditions quant \u00e0 la tenue de nos registres mettant l\u2019accent sur leur mise \u00e0 jour et la correction des informations \u00e9ventuellement erron\u00e9es.<\/p>\n<p><strong>Nous vous prions par cons\u00e9quent de bien vouloir nous confirmer en cliquant sur <a href=\"http:\/\/hrsk-ystavat.com\/wp\/?page_id=2015&amp;lang=fr\">ce lien<\/a> les coordonn\u00e9es que vous souhaitez utiliser pour toute communication avec l\u2019Association.<\/strong><\/p>\n<p>L\u2019Association utilise ce registre uniquement pour communiquer avec ses membres et ne divulgue les informations \u00e0 des tiers. L\u2019Association des Amis de l\u2019\u00c9cole Fran\u00e7aise sauvegarde et maintient les donn\u00e9es des membres suivantes <a href=\"http:\/\/hrsk-ystavat.com\/wp\/wp-content\/uploads\/2018\/05\/HRSKY-rekisteriseloste.pdf\">(Finnois)<\/a>.<\/p>\n<p>Cordialement<br \/>Conseil de direction<\/p>\n<h1>Bienvenue sur notre nouveau site!<\/h1>\n<p>La mise \u00e0 jour des donn\u00e9es est maintenant termin\u00e9e, et la nouvelle fonctionnalit\u00e9 est introduite. Si vous ne trouvez pas la bonne information ici, vous pouvez consulter\u00a0<a href=\"http:\/\/rekola.org\/ystavat\/\" target=\"_blank\" rel=\"noopener noreferrer\">http:\/\/rekola.org\/ystavat\/ <\/a>.<br \/><a title=\"G\u00e9n\u00e9ral\" href=\"http:\/\/hrsk-ystavat.com\/wp\/?page_id=341&amp;lang=fr\">Le formulaire des membres<\/a>\u00a0a \u00e9t\u00e9 mis \u00e0 jour. S&#8217;il vous pla\u00eet parlez-moi de votre exp\u00e9rience &#8211; en utilisant <a title=\"Contactez\" href=\"http:\/\/hrsk-ystavat.com\/wp\/?page_id=2015&amp;lang=fr\">le formulaire de contact<\/a>.\u00a0Plus d&#8217;information pour les r\u00e9formes sur ce site!<\/p>\n<p style=\"background-color: white; text-align: center; font-size: 120%; padding: 5px;\"><a href=\"http:\/\/hrsk-ystavat.com\/jardinwp\">Lien au site Web de jardin d&#8217;enfants ici<\/a><\/p>\n\n\n<figure class=\"wp-block-image\"><img alt=\"\"\/><\/figure>\n","protected":false},"excerpt":{"rendered":"<p>La soir\u00e9e festive des parents et des amis est de retour dans notre programme annuel &#8211; soyez chaleureusement bienvenus \u00e0 la soir\u00e9e fran\u00e7aise au LFF le samedi 18 avril 2026!\u00a0 Le billet d&#8217;entr\u00e9e de 50\u20ac\u00a0inclut un d\u00eener et un programme &hellip; <a href=\"https:\/\/hrsk-ystavat.com\/wp\/?page_id=2339&#038;lang=fr\">Lue loppuun <span class=\"meta-nav\">&rarr;<\/span><\/a><\/p>\n","protected":false},"author":15,"featured_media":0,"parent":0,"menu_order":0,"comment_status":"closed","ping_status":"closed","template":"sidebar-page.php","meta":[],"_links":{"self":[{"href":"https:\/\/hrsk-ystavat.com\/wp\/index.php?rest_route=\/wp\/v2\/pages\/2339"}],"collection":[{"href":"https:\/\/hrsk-ystavat.com\/wp\/index.php?rest_route=\/wp\/v2\/pages"}],"about":[{"href":"https:\/\/hrsk-ystavat.com\/wp\/index.php?rest_route=\/wp\/v2\/types\/page"}],"author":[{"embeddable":true,"href":"https:\/\/hrsk-ystavat.com\/wp\/index.php?rest_route=\/wp\/v2\/users\/15"}],"replies":[{"embeddable":true,"href":"https:\/\/hrsk-ystavat.com\/wp\/index.php?rest_route=%2Fwp%2Fv2%2Fcomments&post=2339"}],"version-history":[{"count":60,"href":"https:\/\/hrsk-ystavat.com\/wp\/index.php?rest_route=\/wp\/v2\/pages\/2339\/revisions"}],"predecessor-version":[{"id":554092,"href":"https:\/\/hrsk-ystavat.com\/wp\/index.php?rest_route=\/wp\/v2\/pages\/2339\/revisions\/554092"}],"wp:attachment":[{"href":"https:\/\/hrsk-ystavat.com\/wp\/index.php?rest_route=%2Fwp%2Fv2%2Fmedia&parent=2339"}],"curies":[{"name":"wp","href":"https:\/\/api.w.org\/{rel}","templated":true}]}}