{"id":1542,"date":"2014-10-06T21:51:36","date_gmt":"2014-10-06T18:51:36","guid":{"rendered":"http:\/\/hrsk-ystavat.com\/wp\/?page_id=1542"},"modified":"2014-10-06T21:51:36","modified_gmt":"2014-10-06T18:51:36","slug":"adhesion","status":"publish","type":"page","link":"https:\/\/hrsk-ystavat.com\/wp\/?page_id=1542&lang=fr","title":{"rendered":"Adh\u00e9sion"},"content":{"rendered":"<p>Adh\u00e9rez-vous utilisant la formulaire ci-dessous svp. Les adh\u00e9sions sont disponibles en deux types: actif et non-actif. Choisissez adh\u00e9sion non-actif si un membre de votre famille est d\u00e9j\u00e0 un membre actif de l&#8217;Association.<\/p>\n<div class=\"salesforce_w2l_lead \"><form id=\"sf_form_salesforce_w2l_lead_4\" class=\"w2llead placeholders\" method=\"post\" action=\"#sf_form_salesforce_w2l_lead_4\"><p class=\"sf_required_fields_msg\" id=\"requiredfieldsmsg\"><sup><span class=\"required\">*<\/span><\/sup> Obligatoire<\/p><div class=\"sf_field sf_field_00N20000009T5MC sf_type_select\">\t\t<select id=\"sf_00N20000009T5MC\" class=\"w2linput select\" name=\"00N20000009T5MC\"><option value=\"\" default disabled selected=\"selected\">Type: *<\/option><option value=\"Varsinainen j\u00e4sen\">Membre actif<\/option><option value=\"Rinnakkaisj\u00e4sen\">Membre non-actif<\/option><\/select><div class=\"clearfix\"><\/div><\/div><div class=\"sf_field sf_field_last_name sf_type_text\">\t<input type=\"text\" placeholder=\"Nom *\" value=\"\" id=\"sf_last_name\" class=\"w2linput text\" name=\"last_name\"  \/><div class=\"clearfix\"><\/div><\/div><div class=\"sf_field sf_field_first_name sf_type_text\">\t<input type=\"text\" placeholder=\"Pr\u00e9nom *\" value=\"\" id=\"sf_first_name\" class=\"w2linput text\" name=\"first_name\"  \/><div class=\"clearfix\"><\/div><\/div><div class=\"sf_field sf_field_email sf_type_text\">\t<input type=\"text\" placeholder=\"Courriel *\" value=\"\" id=\"sf_email\" class=\"w2linput text\" name=\"email\"  \/><div class=\"clearfix\"><\/div><\/div><div class=\"sf_field sf_field_phone sf_type_text\">\t<input type=\"text\" placeholder=\"T\u00e9l\u00e9phone\" value=\"\" id=\"sf_phone\" class=\"w2linput text\" name=\"phone\"  \/><div class=\"clearfix\"><\/div><\/div><div class=\"sf_field sf_field_street sf_type_text\">\t<input type=\"text\" placeholder=\"Rue\" value=\"\" id=\"sf_street\" class=\"w2linput text\" name=\"street\"  \/><div class=\"clearfix\"><\/div><\/div><div class=\"sf_field sf_field_zip sf_type_text\">\t<input type=\"text\" placeholder=\"Code postal\" value=\"\" id=\"sf_zip\" class=\"w2linput text\" name=\"zip\"  \/><div class=\"clearfix\"><\/div><\/div><div class=\"sf_field sf_field_city sf_type_text\">\t<input type=\"text\" placeholder=\"Ville\" value=\"\" id=\"sf_city\" class=\"w2linput text\" name=\"city\"  \/><div class=\"clearfix\"><\/div><\/div>\t\t<input type=\"hidden\" id=\"sf_lead_source\" class=\"w2linput hidden\" name=\"lead_source\" value=\"Web\" \/>\t\t<input type=\"hidden\" id=\"sf_00N20000009SvN5\" class=\"w2linput hidden\" name=\"00N20000009SvN5\" value=\"Fran\u00e7ais\" \/><div class=\"sf_field sf_field_00N20000009T5Ml sf_type_checkbox\">\t\t<input type=\"checkbox\" id=\"sf_00N20000009T5Ml\" class=\"w2linput checkbox\" name=\"00N20000009T5Ml\" value=\"False\"  \/>\t<label class=\"w2llabel   checkbox w2llabel-checkbox-label\" for=\"sf_00N20000009T5Ml\">\u00c9tudiant actuel ou ancien<div class=\"clearfix\"><\/div><\/div><div class=\"sf_field sf_field_00N20000009T5Mq sf_type_text\">\t<input type=\"text\" placeholder=\"Ann\u00e9e d'immatriculation\" value=\"\" id=\"sf_00N20000009T5Mq\" class=\"w2linput text\" name=\"00N20000009T5Mq\"  \/><div class=\"clearfix\"><\/div><\/div><div class=\"sf_field sf_field_00N20000009T5MR sf_type_textarea\">\t\t<textarea id=\"sf_00N20000009T5MR\" class=\"w2linput textarea\" name=\"00N20000009T5MR\" placeholder=\"Les enfants\">Les noms et les classes de vos enfants<\/textarea><div class=\"clearfix\"><\/div><\/div><div class=\"sf_field sf_field_description sf_type_textarea\">\t\t<textarea id=\"sf_description\" class=\"w2linput textarea\" name=\"description\" placeholder=\"Les informations suppl\u00e9mentaires\"><\/textarea><div class=\"clearfix\"><\/div><\/div><div class=\"sf_field sf_field_captcha sf_type_captcha\"><label class=\"w2llabel\">Type the text shown: *<\/label>\t\t\t\t\t<img class=\"w2limg\" src=\"https:\/\/hrsk-ystavat.com\/wp\/wp-admin\/admin-ajax.php?action=sfw2l_get_captcha&_CAPTCHA=true&t=92c24b7b2a4a4f5fed457244ca61a83463460e71&hash=a2ceb269f0eb16cec311c35d3c834e01ed624c11\" alt=\"CAPTCHA image\" \/><input type=\"text\" class=\"w2linput text captcha\" name=\"captcha_text\" value=\"\" \/><input type=\"hidden\" class=\"w2linput hidden\" name=\"captcha_hash\" value=\"a2ceb269f0eb16cec311c35d3c834e01ed624c11\" \/><\/div>\t<input type=\"text\" name=\"message\" class=\"w2linput\" value=\"\" style=\"display: none;\" \/>\t<input type=\"hidden\" name=\"form_id\" class=\"w2linput\" value=\"4\" \/>\t<div class=\"w2lsubmit\"><input type=\"submit\" name=\"w2lsubmit\" class=\"w2linput submit\" value=\"Envoyez\" \/><\/div><\/form><\/div>\n","protected":false},"excerpt":{"rendered":"<p>Adh\u00e9rez-vous utilisant la formulaire ci-dessous svp. Les adh\u00e9sions sont disponibles en deux types: actif et non-actif. Choisissez adh\u00e9sion non-actif si un membre de votre famille est d\u00e9j\u00e0 un membre actif de l&#8217;Association.<\/p>\n","protected":false},"author":15,"featured_media":0,"parent":0,"menu_order":0,"comment_status":"closed","ping_status":"closed","template":"","meta":[],"_links":{"self":[{"href":"https:\/\/hrsk-ystavat.com\/wp\/index.php?rest_route=\/wp\/v2\/pages\/1542"}],"collection":[{"href":"https:\/\/hrsk-ystavat.com\/wp\/index.php?rest_route=\/wp\/v2\/pages"}],"about":[{"href":"https:\/\/hrsk-ystavat.com\/wp\/index.php?rest_route=\/wp\/v2\/types\/page"}],"author":[{"embeddable":true,"href":"https:\/\/hrsk-ystavat.com\/wp\/index.php?rest_route=\/wp\/v2\/users\/15"}],"replies":[{"embeddable":true,"href":"https:\/\/hrsk-ystavat.com\/wp\/index.php?rest_route=%2Fwp%2Fv2%2Fcomments&post=1542"}],"version-history":[{"count":5,"href":"https:\/\/hrsk-ystavat.com\/wp\/index.php?rest_route=\/wp\/v2\/pages\/1542\/revisions"}],"predecessor-version":[{"id":2009,"href":"https:\/\/hrsk-ystavat.com\/wp\/index.php?rest_route=\/wp\/v2\/pages\/1542\/revisions\/2009"}],"wp:attachment":[{"href":"https:\/\/hrsk-ystavat.com\/wp\/index.php?rest_route=%2Fwp%2Fv2%2Fmedia&parent=1542"}],"curies":[{"name":"wp","href":"https:\/\/api.w.org\/{rel}","templated":true}]}}