{"id":41,"date":"2012-09-16T23:07:39","date_gmt":"2012-09-16T20:07:39","guid":{"rendered":"http:\/\/hrsk-ystavat.com\/wp\/?page_id=41"},"modified":"2018-05-13T22:27:23","modified_gmt":"2018-05-13T19:27:23","slug":"yleista-general","status":"publish","type":"page","link":"https:\/\/hrsk-ystavat.com\/wp\/?page_id=41","title":{"rendered":"J\u00e4senyys"},"content":{"rendered":"<p>Kaikkien vanhempien toivotaan osallistuvan yhdistyksen toimintaan. Mik\u00e4li aikasi on kortilla, j\u00e4senmaksu on helppo tapa kantaa kortensa kekoon.<\/p>\n<p>Luokka-asteittain vastuualueet ovat seuraavat:<\/p>\n<ul>\n<li>Gaalajuhla: luokkien 2 ja 6 vanhemmat<\/li>\n<li>Joulumarkkinat: luokkien 3 ja 7 vanhemmat (varsinkin markkinoita edelt\u00e4v\u00e4t p\u00e4iv\u00e4t)<\/li>\n<\/ul>\n<h1>Rekisteriseloste<\/h1>\n<p>Ranskalaisen Koulun Yst\u00e4v\u00e4t ry:n j\u00e4sentietojen rekisteriseloste on haettavissa <a href=\"http:\/\/hrsk-ystavat.com\/wp\/wp-content\/uploads\/2018\/05\/HRSKY-rekisteriseloste.pdf\">t\u00e4st\u00e4 linkist\u00e4<\/a>.<br \/>\nYhdistys k\u00e4ytt\u00e4\u00e4 rekisteri\u00e4 pelk\u00e4st\u00e4\u00e4n j\u00e4senist\u00f6n kanssa viestint\u00e4\u00e4n, eik\u00e4 se luovuta rekisteriss\u00e4 olevia tietoja kolmansille osapuolille.<\/p>\n","protected":false},"excerpt":{"rendered":"<p>Kaikkien vanhempien toivotaan osallistuvan yhdistyksen toimintaan. Mik\u00e4li aikasi on kortilla, j\u00e4senmaksu on helppo tapa kantaa kortensa kekoon. Luokka-asteittain vastuualueet ovat seuraavat: Gaalajuhla: luokkien 2 ja 6 vanhemmat Joulumarkkinat: luokkien 3 ja 7 vanhemmat (varsinkin markkinoita edelt\u00e4v\u00e4t p\u00e4iv\u00e4t) Rekisteriseloste Ranskalaisen Koulun &hellip; <a href=\"https:\/\/hrsk-ystavat.com\/wp\/?page_id=41\">Lue loppuun <span class=\"meta-nav\">&rarr;<\/span><\/a><\/p>\n","protected":false},"author":1,"featured_media":0,"parent":0,"menu_order":0,"comment_status":"closed","ping_status":"closed","template":"sidebar-page.php","meta":[],"_links":{"self":[{"href":"https:\/\/hrsk-ystavat.com\/wp\/index.php?rest_route=\/wp\/v2\/pages\/41"}],"collection":[{"href":"https:\/\/hrsk-ystavat.com\/wp\/index.php?rest_route=\/wp\/v2\/pages"}],"about":[{"href":"https:\/\/hrsk-ystavat.com\/wp\/index.php?rest_route=\/wp\/v2\/types\/page"}],"author":[{"embeddable":true,"href":"https:\/\/hrsk-ystavat.com\/wp\/index.php?rest_route=\/wp\/v2\/users\/1"}],"replies":[{"embeddable":true,"href":"https:\/\/hrsk-ystavat.com\/wp\/index.php?rest_route=%2Fwp%2Fv2%2Fcomments&post=41"}],"version-history":[{"count":19,"href":"https:\/\/hrsk-ystavat.com\/wp\/index.php?rest_route=\/wp\/v2\/pages\/41\/revisions"}],"predecessor-version":[{"id":243850,"href":"https:\/\/hrsk-ystavat.com\/wp\/index.php?rest_route=\/wp\/v2\/pages\/41\/revisions\/243850"}],"wp:attachment":[{"href":"https:\/\/hrsk-ystavat.com\/wp\/index.php?rest_route=%2Fwp%2Fv2%2Fmedia&parent=41"}],"curies":[{"name":"wp","href":"https:\/\/api.w.org\/{rel}","templated":true}]}}