{"id":1761,"date":"2014-10-06T22:35:43","date_gmt":"2014-10-06T19:35:43","guid":{"rendered":"http:\/\/hrsk-ystavat.com\/wp\/?page_id=1761"},"modified":"2018-05-13T20:35:48","modified_gmt":"2018-05-13T17:35:48","slug":"yhteydenotto","status":"publish","type":"page","link":"https:\/\/hrsk-ystavat.com\/wp\/?page_id=1761","title":{"rendered":"Yhteydenotto"},"content":{"rendered":"<p>Ole hyv\u00e4 ja t\u00e4yt\u00e4 alla oleva lomake. Olemme sinuun yhteydess\u00e4 mahdollisimman pian.<\/p>\n<div role=\"form\" class=\"wpcf7\" id=\"wpcf7-f1760-o1\" lang=\"fi\" dir=\"ltr\">\n<div class=\"screen-reader-response\"><p role=\"status\" aria-live=\"polite\" aria-atomic=\"true\"><\/p> <ul><\/ul><\/div>\n<form action=\"\/wp\/index.php?rest_route=%2Fwp%2Fv2%2Fpages%2F1761#wpcf7-f1760-o1\" method=\"post\" class=\"wpcf7-form init\" novalidate=\"novalidate\" data-status=\"init\">\n<div style=\"display: none;\">\n<input type=\"hidden\" name=\"_wpcf7\" value=\"1760\" \/>\n<input type=\"hidden\" name=\"_wpcf7_version\" value=\"5.3\" \/>\n<input type=\"hidden\" name=\"_wpcf7_locale\" value=\"fi\" \/>\n<input type=\"hidden\" name=\"_wpcf7_unit_tag\" value=\"wpcf7-f1760-o1\" \/>\n<input type=\"hidden\" name=\"_wpcf7_container_post\" value=\"0\" \/>\n<input type=\"hidden\" name=\"_wpcf7_posted_data_hash\" value=\"\" \/>\n<\/div>\n<p>Nimi (pakollinen)<br \/>\n    <span class=\"wpcf7-form-control-wrap your-name\"><input type=\"text\" name=\"your-name\" value=\"\" size=\"40\" class=\"wpcf7-form-control wpcf7-text wpcf7-validates-as-required\" aria-required=\"true\" aria-invalid=\"false\" \/><\/span> <\/p>\n<p>S\u00e4hk\u00f6posti (pakollinen)<br \/>\n    <span class=\"wpcf7-form-control-wrap your-email\"><input type=\"email\" name=\"your-email\" value=\"\" size=\"40\" class=\"wpcf7-form-control wpcf7-text wpcf7-email wpcf7-validates-as-required wpcf7-validates-as-email\" aria-required=\"true\" aria-invalid=\"false\" \/><\/span> <\/p>\n<p>J\u00e4sennumero<br \/>\n<span class=\"wpcf7-form-control-wrap text-685\"><input type=\"text\" name=\"text-685\" value=\"\" size=\"5\" maxlength=\"5\" class=\"wpcf7-form-control wpcf7-text\" id=\"member-number\" aria-invalid=\"false\" \/><\/span><\/p>\n<p> Viestin aihe<br \/>\n   <span class=\"wpcf7-form-control-wrap menu-606\"><select name=\"menu-606\" class=\"wpcf7-form-control wpcf7-select\" id=\"Tyyppi\" aria-invalid=\"false\"><option value=\"Osoitteen p\u00e4ivitys \/ vahvistaminen\">Osoitteen p\u00e4ivitys \/ vahvistaminen<\/option><option value=\"Osoitteenmuutos\">Osoitteenmuutos<\/option><option value=\"Palaute\">Palaute<\/option><option value=\"Kysymys\">Kysymys<\/option><option value=\"Muu\">Muu<\/option><\/select><\/span> <\/p>\n<p>Otsikko<br \/>\n    <span class=\"wpcf7-form-control-wrap your-subject\"><input type=\"text\" name=\"your-subject\" value=\"\" size=\"40\" class=\"wpcf7-form-control wpcf7-text\" aria-invalid=\"false\" \/><\/span> <\/p>\n<p>Viesti<br \/>\n    <span class=\"wpcf7-form-control-wrap your-message\"><textarea name=\"your-message\" cols=\"40\" rows=\"10\" class=\"wpcf7-form-control wpcf7-textarea\" aria-invalid=\"false\"><\/textarea><\/span> <\/p>\n<p><input type=\"submit\" value=\"L\u00e4het\u00e4\" class=\"wpcf7-form-control wpcf7-submit\" \/><\/p>\n<div class=\"wpcf7-response-output\" aria-hidden=\"true\"><\/div><\/form><\/div>\n","protected":false},"excerpt":{"rendered":"<p>Ole hyv\u00e4 ja t\u00e4yt\u00e4 alla oleva lomake. Olemme sinuun yhteydess\u00e4 mahdollisimman pian.<\/p>\n","protected":false},"author":15,"featured_media":0,"parent":0,"menu_order":0,"comment_status":"closed","ping_status":"closed","template":"","meta":[],"_links":{"self":[{"href":"https:\/\/hrsk-ystavat.com\/wp\/index.php?rest_route=\/wp\/v2\/pages\/1761"}],"collection":[{"href":"https:\/\/hrsk-ystavat.com\/wp\/index.php?rest_route=\/wp\/v2\/pages"}],"about":[{"href":"https:\/\/hrsk-ystavat.com\/wp\/index.php?rest_route=\/wp\/v2\/types\/page"}],"author":[{"embeddable":true,"href":"https:\/\/hrsk-ystavat.com\/wp\/index.php?rest_route=\/wp\/v2\/users\/15"}],"replies":[{"embeddable":true,"href":"https:\/\/hrsk-ystavat.com\/wp\/index.php?rest_route=%2Fwp%2Fv2%2Fcomments&post=1761"}],"version-history":[{"count":8,"href":"https:\/\/hrsk-ystavat.com\/wp\/index.php?rest_route=\/wp\/v2\/pages\/1761\/revisions"}],"predecessor-version":[{"id":243810,"href":"https:\/\/hrsk-ystavat.com\/wp\/index.php?rest_route=\/wp\/v2\/pages\/1761\/revisions\/243810"}],"wp:attachment":[{"href":"https:\/\/hrsk-ystavat.com\/wp\/index.php?rest_route=%2Fwp%2Fv2%2Fmedia&parent=1761"}],"curies":[{"name":"wp","href":"https:\/\/api.w.org\/{rel}","templated":true}]}}