{"id":4082,"date":"2018-06-12T13:31:47","date_gmt":"2018-06-12T10:31:47","guid":{"rendered":"http:\/\/hrsk-ystavat.com\/jardinwp\/?page_id=4082"},"modified":"2021-06-14T12:38:02","modified_gmt":"2021-06-14T09:38:02","slug":"recrutement","status":"publish","type":"page","link":"https:\/\/hrsk-ystavat.com\/jardinwp\/?page_id=4082&lang=fr","title":{"rendered":"Recrutement"},"content":{"rendered":"<p>Mise \u00e0 jour 14.6.2021<\/p>\n<p>Merci pour l&#8217;int\u00e9r\u00eat que vous portez \u00e0 notre structure. Pour le moment notre \u00e9quipe est compl\u00e8te pour la rentr\u00e9e. Si vous \u00eates disponible pour les remplacements, vous pouvez contacter la directrice de notre jardin enfants : <br \/><a href=\"mailto:leikkikoulu@hrsk-ystavat.com\">leikkikoulu@hrsk-ystavat.com<\/a><\/p>\n<p>_ _ _ _ _ _ _ _ _<\/p>\n<p>Mise \u00e0 jour 1.4.2021<\/p>\n<p><strong><u>MONITEUR\/ MONITRICE DU CLUB DE L\u2019APR\u00c8S-MIDI DES PR\u00c9SCOLAIRES<\/u><\/strong><\/p>\n<p>L\u2019Association des Amis de l\u2019\u00c9cole Fran\u00e7aise recherche un moniteur\/une monitrice pour rejoindre l\u2019\u00e9quipe du club de l\u2019apr\u00e8s-midi pour l\u2019ann\u00e9e scolaire 2021-2022. Nous offrons \u00e9galement des remplacements ponctuels.<\/p>\n<p>L&#8217;\u00e9quipe de moniteurs est responsable du d\u00e9roulement de l\u2019apr\u00e8s-midi, de\u00a0la s\u00e9curit\u00e9 et du suivi du plan d\u2019action \u00e9tabli ensemble, relatifs aux\u00a0enfants du pr\u00e9scolaire\u00a0 (de 5 \u00e0 7 ans). Nous attendons des candidats :<\/p>\n<ul>\n<li>Une attitude de travail responsable et entreprenante envers ses\u00a0coll\u00e8gues\u00a0de travail, les enfants et les parents.<\/li>\n<li>Un esprit d&#8217;\u00e9quipe et des comp\u00e9tences en communication et coop\u00e9ration.<\/li>\n<li>Une condition physique ad\u00e9quate pour travailler avec des jeunes\u00a0enfants.<\/li>\n<li>Enthousiasme et cr\u00e9ativit\u00e9 pour planifier et diriger diff\u00e9rentes\u00a0activit\u00e9s.<\/li>\n<li>Une bonne ma\u00eetrise de la langue fran\u00e7aise (parl\u00e9) et une connaissance\u00a0souhaitable du finnois.<\/li>\n<\/ul>\n<p>Les comp\u00e9tences formelles exig\u00e9es par le poste sont d\u00e9finies par la loi\u00a0272\/2005 (articles 8, 16 et 17) qui pr\u00e9voit d\u2019\u00eatre titulaire d\u2019un\u00a0dipl\u00f4me de \u2018l\u00e4hihoitaja\u2019 ou \u00e9quivalent ou une autre formation adapt\u00e9e.\u00a0Nous pr\u00e9f\u00e9rons \u00e9galement un candidat ayant une exp\u00e9rience de travail\u00a0ant\u00e9rieure dans l\u2019animation avec de jeunes enfants.<\/p>\n<p>Le poste est \u00e0 pourvoir en debut du mois d&#8217;ao\u00fbt et le temps de travail est de 13h \u00e0 17h les jours d\u2019\u00e9cole (env. 20h\/semaine). Lieu de travail est Lyc\u00e9e franco-finlandais d\u2019Helsinki, \u00e0 Munkkivuori<\/p>\n<p>Nous vous prions de bien vouloir adresser votre cv et lettre de\u00a0motivation par courriel \u00e0 l\u2019adresse indiqu\u00e9e ci-dessous.<\/p>\n<p>Candidatures et renseignements suppl\u00e9mentaires aupr\u00e8s de Ninna\u00a0Petit-Gras, monitrice responsable du club de l\u2019apr\u00e8s-midi, au\u00a0<a href=\"mailto:ninna@hrsk-ystavat.com\" target=\"_blank\" rel=\"noopener noreferrer\">ninna@hrsk-ystavat.com<\/a><\/p>\n<p><a href=\"https:\/\/paikat.te-palvelut.fi\/tpt\/10685416?searchPhrase=Ranskalaisen&amp;announced=0&amp;leasing=0&amp;english=false&amp;sort=1\">Notre annonce sur les pages de l&#8217;agence nationale d&#8217;emploi (TE-palvelut)<\/a><\/p>\n\n\n<p><\/p>\n","protected":false},"excerpt":{"rendered":"<p>Mise \u00e0 jour 14.6.2021 Merci pour l&#8217;int\u00e9r\u00eat que vous portez \u00e0 notre structure. Pour le moment notre \u00e9quipe est compl\u00e8te pour la rentr\u00e9e. Si vous \u00eates disponible pour les remplacements, vous pouvez contacter la directrice de notre jardin enfants : &hellip; <a href=\"https:\/\/hrsk-ystavat.com\/jardinwp\/?page_id=4082&#038;lang=fr\">Lue loppuun <span class=\"meta-nav\">&rarr;<\/span><\/a><\/p>\n","protected":false},"author":3,"featured_media":0,"parent":0,"menu_order":3,"comment_status":"closed","ping_status":"closed","template":"","meta":[],"_links":{"self":[{"href":"https:\/\/hrsk-ystavat.com\/jardinwp\/index.php?rest_route=\/wp\/v2\/pages\/4082"}],"collection":[{"href":"https:\/\/hrsk-ystavat.com\/jardinwp\/index.php?rest_route=\/wp\/v2\/pages"}],"about":[{"href":"https:\/\/hrsk-ystavat.com\/jardinwp\/index.php?rest_route=\/wp\/v2\/types\/page"}],"author":[{"embeddable":true,"href":"https:\/\/hrsk-ystavat.com\/jardinwp\/index.php?rest_route=\/wp\/v2\/users\/3"}],"replies":[{"embeddable":true,"href":"https:\/\/hrsk-ystavat.com\/jardinwp\/index.php?rest_route=%2Fwp%2Fv2%2Fcomments&post=4082"}],"version-history":[{"count":11,"href":"https:\/\/hrsk-ystavat.com\/jardinwp\/index.php?rest_route=\/wp\/v2\/pages\/4082\/revisions"}],"predecessor-version":[{"id":4280,"href":"https:\/\/hrsk-ystavat.com\/jardinwp\/index.php?rest_route=\/wp\/v2\/pages\/4082\/revisions\/4280"}],"wp:attachment":[{"href":"https:\/\/hrsk-ystavat.com\/jardinwp\/index.php?rest_route=%2Fwp%2Fv2%2Fmedia&parent=4082"}],"curies":[{"name":"wp","href":"https:\/\/api.w.org\/{rel}","templated":true}]}}