{"id":3936,"date":"2014-11-13T22:07:32","date_gmt":"2014-11-13T20:07:32","guid":{"rendered":"http:\/\/hrsk-ystavat.com\/jardinwp\/?page_id=3936"},"modified":"2024-04-16T10:18:00","modified_gmt":"2024-04-16T07:18:00","slug":"contacts","status":"publish","type":"page","link":"https:\/\/hrsk-ystavat.com\/jardinwp\/?page_id=3936&lang=fr","title":{"rendered":"Contacts"},"content":{"rendered":"<p style=\"text-align: center;\">T\u00e9l\u00e9phone du jardin d&#8217;enfants durant la journ\u00e9e: <span style=\"font-weight: bold; border: 2px solid red; background-color: white; padding: 3px;\">044 28 08 063<\/span><\/p>\n<p style=\"text-align: center;\">T\u00e9l\u00e9phone de l\u2019accueil de l\u2019apr\u00e8s-midi des pr\u00e9scolaires (13h &#8211; 17h) : <span style=\"font-weight: bold; border: 2px solid red; background-color: white; padding: 3px;\">044 97 57 383<\/span><\/p>\n<table style=\"border: none; border-collapse: collapse; font-size: 90%;\">\n<tbody>\n<tr>\n<th>Nom<\/th>\n<th>Fonction<\/th>\n<th>T\u00e9l<\/th>\n<th>Email<\/th>\n<\/tr>\n<tr>\n<td>C\u00e9line Hutsebaut<\/td>\n<td>Directrice du jardin d&#8217;enfants<\/td>\n<td>+358-44-3331574<\/td>\n<td>celine(at)hrsk-ystavat.com<\/td>\n<\/tr>\n<tr>\n<td>Ninna Petit-Gras<\/td>\n<td>Responsable de l\u2019accueil<br \/>\nde l\u2019apr\u00e8s-midi des pr\u00e9scolaires<\/td>\n<td>+358-44-9810730<\/td>\n<td>ninna(at)hrsk-ystavat.com<\/td>\n<\/tr>\n<tr>\n<th colspan=\"4\">Conseil du jardin d&#8217;enfants<\/th>\n<\/tr>\n<tr>\n<td>Pihla Ranta<\/td>\n<td>Pr\u00e9sidente de l&#8217;Association<br \/>\ndes Amis de l&#8217;\u00c9cole Fran\u00e7aise<\/td>\n<td>+358-44-4090208<\/td>\n<td>pihla(at)hrsk-ystavat.com<\/td>\n<\/tr>\n<tr>\n<td>Jouni Hult<\/td>\n<td><\/td>\n<td><\/td>\n<td><\/td>\n<\/tr>\n<tr>\n<td>Kati Lepp\u00e4nen<\/td>\n<td><\/td>\n<td><\/td>\n<td><\/td>\n<\/tr>\n<tr>\n<td>Susanna Mets\u00e4<\/td>\n<td><\/td>\n<td><\/td>\n<td><\/td>\n<\/tr>\n<tr>\n<td>Simo Nurmi<\/td>\n<td><\/td>\n<td><\/td>\n<td><\/td>\n<\/tr>\n<\/tbody>\n<\/table>\n<p>Adresse postale:<\/p>\n<p style=\"padding-left: 30px;\">Association des Amis de l&#8217;Ecole Fran\u00e7aise<br \/>\nJardin d&#8217;Enfants<br \/>\nRaumantie 4<br \/>\nFI-00350 Helsinki Finlande<\/p>\n<p style=\"font-size: 80%;\">Webmaster: <a href=\"mailto:lk-support@hrsk-ystavat.com\">lk-support@hrsk-ystavat.com<\/a><\/p>\n","protected":false},"excerpt":{"rendered":"<p>T\u00e9l\u00e9phone du jardin d&#8217;enfants durant la journ\u00e9e: 044 28 08 063 T\u00e9l\u00e9phone de l\u2019accueil de l\u2019apr\u00e8s-midi des pr\u00e9scolaires (13h &#8211; 17h) : 044 97 57 383 Nom Fonction T\u00e9l Email C\u00e9line Hutsebaut Directrice du jardin d&#8217;enfants +358-44-3331574 celine(at)hrsk-ystavat.com Ninna Petit-Gras &hellip; <a href=\"https:\/\/hrsk-ystavat.com\/jardinwp\/?page_id=3936&#038;lang=fr\">Lue loppuun <span class=\"meta-nav\">&rarr;<\/span><\/a><\/p>\n","protected":false},"author":23,"featured_media":0,"parent":0,"menu_order":2,"comment_status":"closed","ping_status":"closed","template":"","meta":[],"_links":{"self":[{"href":"https:\/\/hrsk-ystavat.com\/jardinwp\/index.php?rest_route=\/wp\/v2\/pages\/3936"}],"collection":[{"href":"https:\/\/hrsk-ystavat.com\/jardinwp\/index.php?rest_route=\/wp\/v2\/pages"}],"about":[{"href":"https:\/\/hrsk-ystavat.com\/jardinwp\/index.php?rest_route=\/wp\/v2\/types\/page"}],"author":[{"embeddable":true,"href":"https:\/\/hrsk-ystavat.com\/jardinwp\/index.php?rest_route=\/wp\/v2\/users\/23"}],"replies":[{"embeddable":true,"href":"https:\/\/hrsk-ystavat.com\/jardinwp\/index.php?rest_route=%2Fwp%2Fv2%2Fcomments&post=3936"}],"version-history":[{"count":16,"href":"https:\/\/hrsk-ystavat.com\/jardinwp\/index.php?rest_route=\/wp\/v2\/pages\/3936\/revisions"}],"predecessor-version":[{"id":4474,"href":"https:\/\/hrsk-ystavat.com\/jardinwp\/index.php?rest_route=\/wp\/v2\/pages\/3936\/revisions\/4474"}],"wp:attachment":[{"href":"https:\/\/hrsk-ystavat.com\/jardinwp\/index.php?rest_route=%2Fwp%2Fv2%2Fmedia&parent=3936"}],"curies":[{"name":"wp","href":"https:\/\/api.w.org\/{rel}","templated":true}]}}