{"id":4079,"date":"2018-06-12T13:21:42","date_gmt":"2018-06-12T10:21:42","guid":{"rendered":"http:\/\/hrsk-ystavat.com\/jardinwp\/?page_id=4079"},"modified":"2021-06-14T12:35:39","modified_gmt":"2021-06-14T09:35:39","slug":"avoimet-tyopaikat","status":"publish","type":"page","link":"https:\/\/hrsk-ystavat.com\/jardinwp\/?page_id=4079","title":{"rendered":"Avoimet ty\u00f6paikat"},"content":{"rendered":"<p>P\u00e4ivitetty 14.6.2021<\/p>\n<p><strong>Kiitos kaikille ohjaajan paikasta kiinnostuneille!<\/strong> <br \/>T\u00e4ll\u00e4 hetkell\u00e4 meill\u00e4 ei ole vapaita ty\u00f6paikkoja, mutta mik\u00e4li sinun olisi mahdollista tehd\u00e4 sijaisuuksista, yst\u00e4v\u00e4llisesti ota yhteytt\u00e4 leikkikoulun johtajaan: <br \/><a href=\"mailto:leikkikoulu@hrsk-ystavat.com\">leikkikoulu@hrsk-ystavat.com<\/a><\/p>\n<p>_ _ _ _ _ _ _ _ _ _<\/p>\n<p>P\u00e4ivitetty 1.4.2021<\/p>\n<p><strong>ILTAP\u00c4IV\u00c4KERHO-OHJAAJA<\/strong><\/p>\n<p>Ranskalaisen koulun yst\u00e4v\u00e4t ry yll\u00e4pit\u00e4\u00e4 5-vuotiaille suunnattua kielikylpyp\u00e4iv\u00e4kotia sek\u00e4 esikoululaisille tarkoitettua iltap\u00e4iv\u00e4kerhoa Helsingin ranskalais-suomalaisen koulun yhteydess\u00e4 Munkkivuoressa. Etsimme nyt iltap\u00e4iv\u00e4kerholle ohjaajaa. Ty\u00f6 alkaa elokuussa 2021 ja on osa-aikainen. Viikottaiset ty\u00f6tunnit (n. 20h\/vko) sijoittuvat keskim\u00e4\u00e4rin klo 12-17 v\u00e4lille. Lis\u00e4ksi tarvitsemme ajoittain sijaisia ty\u00f6ntekij\u00f6iden lyhytaikaisten poissaolojen takia.<\/p>\n<p>Ohjaajat vastaavat lasten turvallisuudesta ja iltap\u00e4iv\u00e4n kulusta sek\u00e4\u00a0toteuttavat yhdess\u00e4 laadittua toimintasuunnitelmaa. Ty\u00f6h\u00f6n kuuluu mm.\u00a0lapsiryhm\u00e4n ohjaus erilaisissa toimintatuokioissa ja\u00a0siirtym\u00e4tilanteissa, v\u00e4lipalan tarjoilu, ulkoilu ja toiminnan\u00a0suunnittelu yhdess\u00e4.<\/p>\n<p>Toivomme sinulta innostusta suunnitella ja ohjata esim. askartelu-,\u00a0liikunta- ja\/tai musiikkitoimintaa. Toivomme my\u00f6s ryhm\u00e4nhallintataitoja\u00a0sek\u00e4 aiempaa kokemusta lasten kanssa ty\u00f6skentelyst\u00e4. Odotamme\u00a0vastuullista ja reipasta ty\u00f6otetta, my\u00f6nteist\u00e4 yst\u00e4v\u00e4llist\u00e4 asennetta,\u00a0kyky\u00e4 kohdata lapset aidosti l\u00e4mpim\u00e4sti sek\u00e4 hyv\u00e4\u00e4\u00a0asiakaspalveluasennetta perheiden kanssa. Ty\u00f6ss\u00e4 tarvitaan hyv\u00e4t\u00a0vuorovaikutus- ja ryhm\u00e4ty\u00f6taidot sek\u00e4 riitt\u00e4v\u00e4 fyysinen kunto lasten\u00a0kanssa touhuamiseen. Ohjaajilta toivotaan my\u00f6s sujuvaa suullista ranskan\u00a0kielen taitoa.<\/p>\n<p>Noudatamme yksityisen sosiaalialan ty\u00f6ehtosopimusta. Tarjoamme etuna ty\u00f6matka- sek\u00e4 kulttuuri ja liikuntaseteleit\u00e4. Hakijalta edellytet\u00e4\u00e4n kelpoisuusehtojen mukaista koulutusta (laki 272\/2005) esim. lastenohjaaja, lastenhoitaja tai l\u00e4hihoitaja (lasten ja nuorten hoidon ja kasvatuksen koulutusohjelma). Huomioimme my\u00f6s soveltuvan koulutuksen. Teht\u00e4v\u00e4\u00e4n valittavan on esitett\u00e4v\u00e4 n\u00e4ht\u00e4v\u00e4ksi rikosrekisterilain 6.2 \u00a7:n tarkoittama rikosrekisteriote.<\/p>\n<p>Vapaamuotoiset hakemukset, lis\u00e4tiedot ja yhteydenotot iltap\u00e4iv\u00e4kerhon\u00a0vastuuohjaaja Ninna Petit-Gras,\u00a0<a href=\"mailto:ninna@hrsk-ystavat.com\" target=\"_blank\" rel=\"noopener noreferrer\">ninna@hrsk-ystavat.com<\/a><\/p>\n<p><a href=\"https:\/\/paikat.te-palvelut.fi\/tpt\/10685416?searchPhrase=Ranskalaisen&amp;announced=0&amp;leasing=0&amp;english=false&amp;sort=1\">Ty\u00f6paikkailmoitus TE-palveluiden sivuilla<\/a><\/p>\n<p>\u00a0<\/p>\n\n\n<p><\/p>\n","protected":false},"excerpt":{"rendered":"<p>P\u00e4ivitetty 14.6.2021 Kiitos kaikille ohjaajan paikasta kiinnostuneille! T\u00e4ll\u00e4 hetkell\u00e4 meill\u00e4 ei ole vapaita ty\u00f6paikkoja, mutta mik\u00e4li sinun olisi mahdollista tehd\u00e4 sijaisuuksista, yst\u00e4v\u00e4llisesti ota yhteytt\u00e4 leikkikoulun johtajaan: leikkikoulu@hrsk-ystavat.com _ _ _ _ _ _ _ _ _ _ P\u00e4ivitetty 1.4.2021 ILTAP\u00c4IV\u00c4KERHO-OHJAAJA &hellip; <a href=\"https:\/\/hrsk-ystavat.com\/jardinwp\/?page_id=4079\">Lue loppuun <span class=\"meta-nav\">&rarr;<\/span><\/a><\/p>\n","protected":false},"author":3,"featured_media":0,"parent":0,"menu_order":3,"comment_status":"closed","ping_status":"closed","template":"","meta":[],"_links":{"self":[{"href":"https:\/\/hrsk-ystavat.com\/jardinwp\/index.php?rest_route=\/wp\/v2\/pages\/4079"}],"collection":[{"href":"https:\/\/hrsk-ystavat.com\/jardinwp\/index.php?rest_route=\/wp\/v2\/pages"}],"about":[{"href":"https:\/\/hrsk-ystavat.com\/jardinwp\/index.php?rest_route=\/wp\/v2\/types\/page"}],"author":[{"embeddable":true,"href":"https:\/\/hrsk-ystavat.com\/jardinwp\/index.php?rest_route=\/wp\/v2\/users\/3"}],"replies":[{"embeddable":true,"href":"https:\/\/hrsk-ystavat.com\/jardinwp\/index.php?rest_route=%2Fwp%2Fv2%2Fcomments&post=4079"}],"version-history":[{"count":8,"href":"https:\/\/hrsk-ystavat.com\/jardinwp\/index.php?rest_route=\/wp\/v2\/pages\/4079\/revisions"}],"predecessor-version":[{"id":4278,"href":"https:\/\/hrsk-ystavat.com\/jardinwp\/index.php?rest_route=\/wp\/v2\/pages\/4079\/revisions\/4278"}],"wp:attachment":[{"href":"https:\/\/hrsk-ystavat.com\/jardinwp\/index.php?rest_route=%2Fwp%2Fv2%2Fmedia&parent=4079"}],"curies":[{"name":"wp","href":"https:\/\/api.w.org\/{rel}","templated":true}]}}