{"id":15,"date":"2012-08-25T19:00:57","date_gmt":"2012-08-25T16:00:57","guid":{"rendered":"http:\/\/hrsk-ystavat.com\/jardinwp\/?page_id=15"},"modified":"2024-04-16T10:10:13","modified_gmt":"2024-04-16T07:10:13","slug":"yhteystiedot-contacts","status":"publish","type":"page","link":"https:\/\/hrsk-ystavat.com\/jardinwp\/?page_id=15","title":{"rendered":"Yhteystiedot"},"content":{"rendered":"<p style=\"text-align: center;\">P\u00e4ivystysnumero leikkikoulun aukioloaikoina:\u00a0<span style=\"font-weight: bold; border: 2px solid red; background-color: white; padding: 3px;\">044 28 08 063<\/span><\/p>\n<p style=\"text-align: center;\">Esikoululaisten iltap\u00e4iv\u00e4hoidon numero (klo 13 &#8211; 17) : <span style=\"font-weight: bold; border: 2px solid red; background-color: white; padding: 3px;\">044 97 57 383<\/span><\/p>\n<table style=\"border: medium; border-collapse: collapse; font-size: 90%; height: 391px;\" width=\"614\">\n<tbody>\n<tr>\n<th>Nimi<\/th>\n<th>Teht\u00e4v\u00e4<\/th>\n<th>Puh<\/th>\n<th>S\u00e4hk\u00f6posti<\/th>\n<\/tr>\n<tr>\n<td>C\u00e9line Hutsebaut<\/td>\n<td>Leikkikoulun johtaja<\/td>\n<td>+358-44-3331574<\/td>\n<td>celine(at)hrsk-ystavat.com<\/td>\n<\/tr>\n<tr>\n<td>Ninna Petit-Gras<\/td>\n<td>Esikoulun iltap\u00e4iv\u00e4hoidon<br \/>\nvastuuhenkil\u00f6<\/td>\n<td>+358-44-9810730<\/td>\n<td>ninna(at)hrsk-ystavat.com<\/td>\n<\/tr>\n<tr>\n<th colspan=\"4\">Johtokunta<\/th>\n<\/tr>\n<tr>\n<td>Pihla Ranta<\/td>\n<td>Ranskalaisen koulun<br \/>\nyst\u00e4v\u00e4t ry:n puheenjohtaja<\/td>\n<td>+358-44-4090208<\/td>\n<td>pihla(at)hrsk-ystavat.com<\/td>\n<\/tr>\n<tr>\n<td>Jouni Hult<\/td>\n<td><\/td>\n<td><\/td>\n<td><\/td>\n<\/tr>\n<tr>\n<td>Kati Lepp\u00e4nen<\/td>\n<td><\/td>\n<td><\/td>\n<td><\/td>\n<\/tr>\n<tr>\n<td>Susanna Mets\u00e4lampi<\/td>\n<td><\/td>\n<td><\/td>\n<td><\/td>\n<\/tr>\n<tr>\n<td>Simo Nurmi<\/td>\n<td><\/td>\n<td><\/td>\n<td><\/td>\n<\/tr>\n<\/tbody>\n<\/table>\n<p>Osoite:<br \/>\nRanskalaisen koulun yst\u00e4v\u00e4t ry<br \/>\nLeikkikoulu<br \/>\nRaumantie 4<br \/>\nFIN-00350 Helsinki<br \/>\nFinlande<\/p>\n<p style=\"font-size: 80%;\">Nettisivujen yll\u00e4pito: <a href=\"mailto:lk-support@hrsk-ystavat.com\">lk-support@hrsk-ystavat.com<\/a><\/p>\n","protected":false},"excerpt":{"rendered":"<p>P\u00e4ivystysnumero leikkikoulun aukioloaikoina:\u00a0044 28 08 063 Esikoululaisten iltap\u00e4iv\u00e4hoidon numero (klo 13 &#8211; 17) : 044 97 57 383 Nimi Teht\u00e4v\u00e4 Puh S\u00e4hk\u00f6posti C\u00e9line Hutsebaut Leikkikoulun johtaja +358-44-3331574 celine(at)hrsk-ystavat.com Ninna Petit-Gras Esikoulun iltap\u00e4iv\u00e4hoidon vastuuhenkil\u00f6 +358-44-9810730 ninna(at)hrsk-ystavat.com Johtokunta Pihla Ranta Ranskalaisen koulun &hellip; <a href=\"https:\/\/hrsk-ystavat.com\/jardinwp\/?page_id=15\">Lue loppuun <span class=\"meta-nav\">&rarr;<\/span><\/a><\/p>\n","protected":false},"author":3,"featured_media":0,"parent":0,"menu_order":2,"comment_status":"closed","ping_status":"closed","template":"","meta":[],"_links":{"self":[{"href":"https:\/\/hrsk-ystavat.com\/jardinwp\/index.php?rest_route=\/wp\/v2\/pages\/15"}],"collection":[{"href":"https:\/\/hrsk-ystavat.com\/jardinwp\/index.php?rest_route=\/wp\/v2\/pages"}],"about":[{"href":"https:\/\/hrsk-ystavat.com\/jardinwp\/index.php?rest_route=\/wp\/v2\/types\/page"}],"author":[{"embeddable":true,"href":"https:\/\/hrsk-ystavat.com\/jardinwp\/index.php?rest_route=\/wp\/v2\/users\/3"}],"replies":[{"embeddable":true,"href":"https:\/\/hrsk-ystavat.com\/jardinwp\/index.php?rest_route=%2Fwp%2Fv2%2Fcomments&post=15"}],"version-history":[{"count":78,"href":"https:\/\/hrsk-ystavat.com\/jardinwp\/index.php?rest_route=\/wp\/v2\/pages\/15\/revisions"}],"predecessor-version":[{"id":4472,"href":"https:\/\/hrsk-ystavat.com\/jardinwp\/index.php?rest_route=\/wp\/v2\/pages\/15\/revisions\/4472"}],"wp:attachment":[{"href":"https:\/\/hrsk-ystavat.com\/jardinwp\/index.php?rest_route=%2Fwp%2Fv2%2Fmedia&parent=15"}],"curies":[{"name":"wp","href":"https:\/\/api.w.org\/{rel}","templated":true}]}}